{"id":815,"date":"2024-04-23T13:53:19","date_gmt":"2024-04-23T13:53:19","guid":{"rendered":"https:\/\/inseglet.bthstudent.se\/?page_id=815"},"modified":"2024-08-19T12:51:17","modified_gmt":"2024-08-19T12:51:17","slug":"sponsor-3","status":"publish","type":"page","link":"https:\/\/inseglet.bthstudent.se\/en\/sponsor-3\/","title":{"rendered":"Sigma Industry"},"content":{"rendered":"<div data-elementor-type=\"wp-page\" data-elementor-id=\"815\" class=\"elementor elementor-815\">\n\t\t\t\t\t\t<section class=\"elementor-section elementor-top-section elementor-element elementor-element-8324075 elementor-section-boxed elementor-section-height-default elementor-section-height-default\" data-id=\"8324075\" data-element_type=\"section\" data-e-type=\"section\">\n\t\t\t\t\t\t<div class=\"elementor-container elementor-column-gap-default\">\n\t\t\t\t\t<div class=\"elementor-column elementor-col-100 elementor-top-column elementor-element elementor-element-2bf7105\" data-id=\"2bf7105\" data-element_type=\"column\" data-e-type=\"column\">\n\t\t\t<div class=\"elementor-widget-wrap elementor-element-populated\">\n\t\t\t\t\t\t<div class=\"elementor-element elementor-element-fb4b2ca elementor-widget elementor-widget-heading\" data-id=\"fb4b2ca\" data-element_type=\"widget\" data-e-type=\"widget\" data-widget_type=\"heading.default\">\n\t\t\t\t<div class=\"elementor-widget-container\">\n\t\t\t\t\t<h2 class=\"elementor-heading-title elementor-size-default\">Sigma industry<\/h2>\t\t\t\t<\/div>\n\t\t\t\t<\/div>\n\t\t\t\t<div class=\"elementor-element elementor-element-61378c0 elementor-widget elementor-widget-image\" data-id=\"61378c0\" data-element_type=\"widget\" data-e-type=\"widget\" data-widget_type=\"image.default\">\n\t\t\t\t<div class=\"elementor-widget-container\">\n\t\t\t\t\t\t\t\t\t\t\t\t\t\t\t<img fetchpriority=\"high\" decoding=\"async\" width=\"768\" height=\"512\" src=\"https:\/\/inseglet.bthstudent.se\/wp-content\/uploads\/sites\/15\/2024\/08\/Sigma-background-768x512.jpg\" class=\"attachment-medium_large size-medium_large wp-image-933\" alt=\"\" srcset=\"https:\/\/inseglet.bthstudent.se\/wp-content\/uploads\/sites\/15\/2024\/08\/Sigma-background-768x512.jpg 768w, https:\/\/inseglet.bthstudent.se\/wp-content\/uploads\/sites\/15\/2024\/08\/Sigma-background-300x200.jpg 300w, https:\/\/inseglet.bthstudent.se\/wp-content\/uploads\/sites\/15\/2024\/08\/Sigma-background-1024x683.jpg 1024w, https:\/\/inseglet.bthstudent.se\/wp-content\/uploads\/sites\/15\/2024\/08\/Sigma-background-18x12.jpg 18w, https:\/\/inseglet.bthstudent.se\/wp-content\/uploads\/sites\/15\/2024\/08\/Sigma-background-930x620.jpg 930w, https:\/\/inseglet.bthstudent.se\/wp-content\/uploads\/sites\/15\/2024\/08\/Sigma-background.jpg 1501w\" sizes=\"(max-width: 768px) 100vw, 768px\" \/>\t\t\t\t\t\t\t\t\t\t\t\t\t\t\t<\/div>\n\t\t\t\t<\/div>\n\t\t\t\t<div class=\"elementor-element elementor-element-d747742 elementor-widget elementor-widget-spacer\" data-id=\"d747742\" data-element_type=\"widget\" data-e-type=\"widget\" data-widget_type=\"spacer.default\">\n\t\t\t\t<div class=\"elementor-widget-container\">\n\t\t\t\t\t\t\t<div class=\"elementor-spacer\">\n\t\t\t<div class=\"elementor-spacer-inner\"><\/div>\n\t\t<\/div>\n\t\t\t\t\t\t<\/div>\n\t\t\t\t<\/div>\n\t\t\t\t<div class=\"elementor-element elementor-element-b043cb2 elementor-widget elementor-widget-text-editor\" data-id=\"b043cb2\" data-element_type=\"widget\" data-e-type=\"widget\" data-widget_type=\"text-editor.default\">\n\t\t\t\t<div class=\"elementor-widget-container\">\n\t\t\t\t\t\t\t\t\t<p><i>Stolt leverant\u00f6r av konsulttj\u00e4nster till Sveriges industrif\u00f6retag verksamma inom IT, teknik, produkt- och produktionsutveckling. Med en familj\u00e4r k\u00e4nsla och n\u00e4rhet till verkligheten \u00e4r Sigma ett entrepren\u00f6rsdrivet f\u00f6retag inom Danir koncernen. Vi hj\u00e4lper ingenj\u00f6rer att v\u00e4xa och g\u00f6ra sig en karri\u00e4r tillsammans med oss och v\u00e5ra kunder. Vi s\u00f6ker alla m\u00f6jliga m\u00e4nniskor, med alla m\u00f6jliga f\u00e4rdigheter. F\u00f6r att skapa alla m\u00f6jliga l\u00f6sningar, p\u00e5 alla m\u00f6jliga platser. S\u00e5 att m\u00e4nniskor \u00f6ver hela v\u00e4rlden ska kunna f\u00f6rv\u00e4nta sig en b\u00e4ttre morgondag.\u00a0Vi vet att du har kompetensen f\u00f6r att skapa dessa l\u00f6sningar. Men var n\u00e5gonstans vill du bidra till en b\u00e4ttre morgondag?<\/i><\/p>\t\t\t\t\t\t\t\t<\/div>\n\t\t\t\t<\/div>\n\t\t\t\t\t<\/div>\n\t\t<\/div>\n\t\t\t\t\t<\/div>\n\t\t<\/section>\n\t\t\t\t<\/div>","protected":false},"excerpt":{"rendered":"<p>Sigma industry Stolt leverant\u00f6r av konsulttj\u00e4nster till Sveriges industrif\u00f6retag verksamma inom IT, teknik, produkt- och produktionsutveckling. Med en familj\u00e4r k\u00e4nsla och n\u00e4rhet till verkligheten \u00e4r Sigma ett entrepren\u00f6rsdrivet f\u00f6retag inom Danir koncernen. Vi hj\u00e4lper ingenj\u00f6rer att v\u00e4xa och g\u00f6ra sig en karri\u00e4r tillsammans med oss och v\u00e5ra kunder. Vi s\u00f6ker alla m\u00f6jliga m\u00e4nniskor, med alla&hellip;&nbsp;<a href=\"https:\/\/inseglet.bthstudent.se\/en\/sponsor-3\/\" rel=\"bookmark\">Read More &raquo;<span class=\"screen-reader-text\">Sigma Industry<\/span><\/a><\/p>","protected":false},"author":78,"featured_media":0,"parent":0,"menu_order":0,"comment_status":"closed","ping_status":"closed","template":"page-templates\/template-pagebuilder-full-width.php","meta":{"neve_meta_sidebar":"","neve_meta_container":"","neve_meta_enable_content_width":"","neve_meta_content_width":0,"neve_meta_title_alignment":"","neve_meta_author_avatar":"","neve_post_elements_order":"","neve_meta_disable_header":"","neve_meta_disable_footer":"","neve_meta_disable_title":"","footnotes":""},"class_list":["post-815","page","type-page","status-publish","hentry"],"_links":{"self":[{"href":"https:\/\/inseglet.bthstudent.se\/en\/wp-json\/wp\/v2\/pages\/815","targetHints":{"allow":["GET"]}}],"collection":[{"href":"https:\/\/inseglet.bthstudent.se\/en\/wp-json\/wp\/v2\/pages"}],"about":[{"href":"https:\/\/inseglet.bthstudent.se\/en\/wp-json\/wp\/v2\/types\/page"}],"author":[{"embeddable":true,"href":"https:\/\/inseglet.bthstudent.se\/en\/wp-json\/wp\/v2\/users\/78"}],"replies":[{"embeddable":true,"href":"https:\/\/inseglet.bthstudent.se\/en\/wp-json\/wp\/v2\/comments?post=815"}],"version-history":[{"count":8,"href":"https:\/\/inseglet.bthstudent.se\/en\/wp-json\/wp\/v2\/pages\/815\/revisions"}],"predecessor-version":[{"id":936,"href":"https:\/\/inseglet.bthstudent.se\/en\/wp-json\/wp\/v2\/pages\/815\/revisions\/936"}],"wp:attachment":[{"href":"https:\/\/inseglet.bthstudent.se\/en\/wp-json\/wp\/v2\/media?parent=815"}],"curies":[{"name":"wp","href":"https:\/\/api.w.org\/{rel}","templated":true}]}}