{"id":814,"date":"2024-04-23T13:53:19","date_gmt":"2024-04-23T13:53:19","guid":{"rendered":"https:\/\/inseglet.bthstudent.se\/?page_id=814"},"modified":"2025-06-14T12:18:31","modified_gmt":"2025-06-14T12:18:31","slug":"sponsor-2","status":"publish","type":"page","link":"https:\/\/inseglet.bthstudent.se\/en\/sponsor-2\/","title":{"rendered":"Karlskrona Studentliv"},"content":{"rendered":"<div data-elementor-type=\"wp-page\" data-elementor-id=\"814\" class=\"elementor elementor-814\">\n\t\t\t\t\t\t<section class=\"elementor-section elementor-top-section elementor-element elementor-element-073a9ba elementor-section-boxed elementor-section-height-default elementor-section-height-default\" data-id=\"073a9ba\" data-element_type=\"section\" data-e-type=\"section\">\n\t\t\t\t\t\t<div class=\"elementor-container elementor-column-gap-default\">\n\t\t\t\t\t<div class=\"elementor-column elementor-col-100 elementor-top-column elementor-element elementor-element-007bf14\" data-id=\"007bf14\" data-element_type=\"column\" data-e-type=\"column\">\n\t\t\t<div class=\"elementor-widget-wrap elementor-element-populated\">\n\t\t\t\t\t\t<div class=\"elementor-element elementor-element-cf4473c elementor-widget elementor-widget-image\" data-id=\"cf4473c\" data-element_type=\"widget\" data-e-type=\"widget\" data-widget_type=\"image.default\">\n\t\t\t\t<div class=\"elementor-widget-container\">\n\t\t\t\t\t\t\t\t\t\t\t\t\t\t\t<img fetchpriority=\"high\" decoding=\"async\" width=\"450\" height=\"142\" src=\"https:\/\/inseglet.bthstudent.se\/wp-content\/uploads\/sites\/15\/2025\/06\/Skarmbild-2025-06-14-141655.png\" class=\"attachment-large size-large wp-image-1013\" alt=\"\" srcset=\"https:\/\/inseglet.bthstudent.se\/wp-content\/uploads\/sites\/15\/2025\/06\/Skarmbild-2025-06-14-141655.png 450w, https:\/\/inseglet.bthstudent.se\/wp-content\/uploads\/sites\/15\/2025\/06\/Skarmbild-2025-06-14-141655-300x95.png 300w, https:\/\/inseglet.bthstudent.se\/wp-content\/uploads\/sites\/15\/2025\/06\/Skarmbild-2025-06-14-141655-18x6.png 18w, https:\/\/inseglet.bthstudent.se\/wp-content\/uploads\/sites\/15\/2025\/06\/elementor\/thumbs\/Skarmbild-2025-06-14-141655-r7antpkj4n5qnpfeqassydps77m50k3sirzo12z3yw.png 186w, https:\/\/inseglet.bthstudent.se\/wp-content\/uploads\/sites\/15\/2025\/06\/elementor\/thumbs\/Skarmbild-2025-06-14-141655-r7antpkjwpkt34mb8xj9r57j3ezqeahqce3xh2t57k.png 250w\" sizes=\"(max-width: 450px) 100vw, 450px\" \/>\t\t\t\t\t\t\t\t\t\t\t\t\t\t\t<\/div>\n\t\t\t\t<\/div>\n\t\t\t\t<div class=\"elementor-element elementor-element-2e12a89 elementor-widget elementor-widget-text-editor\" data-id=\"2e12a89\" data-element_type=\"widget\" data-e-type=\"widget\" data-widget_type=\"text-editor.default\">\n\t\t\t\t<div class=\"elementor-widget-container\">\n\t\t\t\t\t\t\t\t\t<p>Karlskrona Studentliv \u00e4r studentprojekt mellan Blekinge Tekniska H\u00f6gskola och Karlskrona kommun.<\/p><p>Hos oss kan studenter, studentgrupper, alumner och anst\u00e4llda p\u00e5 BTH ans\u00f6ka om<br \/>medel f\u00f6r att genomf\u00f6ra tr\u00e4ffar och aktiviteter. Tillsammans med f\u00f6retag i Karlskrona<br \/>eller n\u00e4romr\u00e5det, arrangeras studiesociala evenemang och aktiviteter.<\/p><p>M\u00e5l och syfte med Karlskrona Studentliv, \u00e4r att Karlskrona och dess n\u00e4romr\u00e5de, ska<br \/>vara ett attraktivt omr\u00e5de f\u00f6r studenter. Genom kontakter med m\u00e4nniskor som lever i<br \/>Karlskrona, f\u00f6retag och f\u00f6reningsliv \u00e4r f\u00f6rhoppningen att andelen studenter som<br \/>etablerar sig i Karlskrona och dess n\u00e4romr\u00e5de, \u00f6kar efter avslutade studier. Genom<br \/>olika aktiviteter med st\u00f6d fr\u00e5n Karlskrona Studentliv, har studenter genom olika<br \/>aktiviteter, m\u00f6jligheter att skapa nya relationer och n\u00e4tverk.<\/p><p>Projektet fokuserar p\u00e5 tre aktivitetsomr\u00e5den:<\/p><p>1. Samverkan med f\u00f6retag och organisationer ex. arbetsmarknadsdagar,<br \/>exjobbsm\u00e4ssor, g\u00e4stf\u00f6rel\u00e4sningar, studiebes\u00f6k, studentprojekt med mera.\u00a0<\/p><p>2. Samverkan med inkubatorer ex. informationstr\u00e4ffar, workshops, r\u00e5dgivning med<br \/>mera.\u00a0<\/p><p>3. Studiesocialt ex. studentsammankomster, kulturella aktiviteter med mera.<\/p><p>M\u00e5lgrupperna f\u00f6r Karlskrona Studentliv best\u00e5r av tre grupper:<\/p><p>1. Potentiella studenter<\/p><p>2. Befintliga studenter<\/p><p>3. Alumner<\/p>\t\t\t\t\t\t\t\t<\/div>\n\t\t\t\t<\/div>\n\t\t\t\t<div class=\"elementor-element elementor-element-8d0b93d elementor-widget__width-initial elementor-widget elementor-widget-text-editor\" data-id=\"8d0b93d\" data-element_type=\"widget\" data-e-type=\"widget\" data-widget_type=\"text-editor.default\">\n\t\t\t\t<div class=\"elementor-widget-container\">\n\t\t\t\t\t\t\t\t\t<p style=\"text-align: center\">Om du har en id\u00e9, vill arrangera en aktivitet eller ett evenemang kan du kontakta BTH:s reception p\u00e5 adressen: <a href=\"\/en\/info@bth.se\/\">info@bth.se<\/a>\u00a0eller skicka in en ans\u00f6kan till handl\u00e4ggare\/projketledare f\u00f6r Karlskrona Studentliv, Sven-Erik Arp\u00e5ker p\u00e5 adressen: <a href=\"mailto:sven-erik.arpaker@bth.se\">sven-erik.arpaker@bth.se<\/a><\/p>\t\t\t\t\t\t\t\t<\/div>\n\t\t\t\t<\/div>\n\t\t\t\t\t<\/div>\n\t\t<\/div>\n\t\t\t\t\t<\/div>\n\t\t<\/section>\n\t\t\t\t<\/div>","protected":false},"excerpt":{"rendered":"<p>Karlskrona Studentliv \u00e4r studentprojekt mellan Blekinge Tekniska H\u00f6gskola och Karlskrona kommun. Hos oss kan studenter, studentgrupper, alumner och anst\u00e4llda p\u00e5 BTH ans\u00f6ka ommedel f\u00f6r att genomf\u00f6ra tr\u00e4ffar och aktiviteter. Tillsammans med f\u00f6retag i Karlskronaeller n\u00e4romr\u00e5det, arrangeras studiesociala evenemang och aktiviteter. M\u00e5l och syfte med Karlskrona Studentliv, \u00e4r att Karlskrona och dess n\u00e4romr\u00e5de, skavara ett attraktivt&hellip;&nbsp;<a href=\"https:\/\/inseglet.bthstudent.se\/en\/sponsor-2\/\" rel=\"bookmark\">Read More &raquo;<span class=\"screen-reader-text\">Karlskrona Studentliv<\/span><\/a><\/p>","protected":false},"author":78,"featured_media":0,"parent":0,"menu_order":0,"comment_status":"closed","ping_status":"closed","template":"page-templates\/template-pagebuilder-full-width.php","meta":{"neve_meta_sidebar":"","neve_meta_container":"","neve_meta_enable_content_width":"","neve_meta_content_width":0,"neve_meta_title_alignment":"","neve_meta_author_avatar":"","neve_post_elements_order":"","neve_meta_disable_header":"","neve_meta_disable_footer":"","neve_meta_disable_title":"","footnotes":""},"class_list":["post-814","page","type-page","status-publish","hentry"],"_links":{"self":[{"href":"https:\/\/inseglet.bthstudent.se\/en\/wp-json\/wp\/v2\/pages\/814","targetHints":{"allow":["GET"]}}],"collection":[{"href":"https:\/\/inseglet.bthstudent.se\/en\/wp-json\/wp\/v2\/pages"}],"about":[{"href":"https:\/\/inseglet.bthstudent.se\/en\/wp-json\/wp\/v2\/types\/page"}],"author":[{"embeddable":true,"href":"https:\/\/inseglet.bthstudent.se\/en\/wp-json\/wp\/v2\/users\/78"}],"replies":[{"embeddable":true,"href":"https:\/\/inseglet.bthstudent.se\/en\/wp-json\/wp\/v2\/comments?post=814"}],"version-history":[{"count":11,"href":"https:\/\/inseglet.bthstudent.se\/en\/wp-json\/wp\/v2\/pages\/814\/revisions"}],"predecessor-version":[{"id":1019,"href":"https:\/\/inseglet.bthstudent.se\/en\/wp-json\/wp\/v2\/pages\/814\/revisions\/1019"}],"wp:attachment":[{"href":"https:\/\/inseglet.bthstudent.se\/en\/wp-json\/wp\/v2\/media?parent=814"}],"curies":[{"name":"wp","href":"https:\/\/api.w.org\/{rel}","templated":true}]}}