{"id":813,"date":"2024-04-23T13:53:19","date_gmt":"2024-04-23T13:53:19","guid":{"rendered":"https:\/\/inseglet.bthstudent.se\/?page_id=813"},"modified":"2024-08-07T13:00:02","modified_gmt":"2024-08-07T13:00:02","slug":"sponsor-1","status":"publish","type":"page","link":"https:\/\/inseglet.bthstudent.se\/en\/sponsor-1\/","title":{"rendered":"Studentbost\u00e4der i Norden AB"},"content":{"rendered":"<div data-elementor-type=\"wp-page\" data-elementor-id=\"813\" class=\"elementor elementor-813\">\n\t\t\t\t\t\t<section class=\"elementor-section elementor-top-section elementor-element elementor-element-821ca63 elementor-section-boxed elementor-section-height-default elementor-section-height-default\" data-id=\"821ca63\" data-element_type=\"section\" data-e-type=\"section\">\n\t\t\t\t\t\t<div class=\"elementor-container elementor-column-gap-default\">\n\t\t\t\t\t<div class=\"elementor-column elementor-col-100 elementor-top-column elementor-element elementor-element-a297da7\" data-id=\"a297da7\" data-element_type=\"column\" data-e-type=\"column\">\n\t\t\t<div class=\"elementor-widget-wrap elementor-element-populated\">\n\t\t\t\t\t\t<div class=\"elementor-element elementor-element-757b47b elementor-widget elementor-widget-image\" data-id=\"757b47b\" data-element_type=\"widget\" data-e-type=\"widget\" data-widget_type=\"image.default\">\n\t\t\t\t<div class=\"elementor-widget-container\">\n\t\t\t\t\t\t\t\t\t\t\t\t\t\t\t\t<a href=\"https:\/\/studentbostad.sbsstudent.se\/\">\n\t\t\t\t\t\t\t<img decoding=\"async\" src=\"https:\/\/inseglet.bthstudent.se\/wp-content\/uploads\/sites\/15\/elementor\/thumbs\/Studentbostader-i-norden-qs9d2wmn7gyxtwlnf6ch4lzjhvch77b9ufv8conlga.png\" title=\"Studentbost\u00e4der i norden\" alt=\"Studentbost\u00e4der i norden\" loading=\"lazy\" \/>\t\t\t\t\t\t\t\t<\/a>\n\t\t\t\t\t\t\t\t\t\t\t\t\t\t\t<\/div>\n\t\t\t\t<\/div>\n\t\t\t\t<div class=\"elementor-element elementor-element-1587155 elementor-widget elementor-widget-heading\" data-id=\"1587155\" data-element_type=\"widget\" data-e-type=\"widget\" data-widget_type=\"heading.default\">\n\t\t\t\t<div class=\"elementor-widget-container\">\n\t\t\t\t\t<h2 class=\"elementor-heading-title elementor-size-default\">Studentbost\u00e4der i Norden AB<\/h2>\t\t\t\t<\/div>\n\t\t\t\t<\/div>\n\t\t\t\t<div class=\"elementor-element elementor-element-cb1f699 elementor-widget elementor-widget-text-editor\" data-id=\"cb1f699\" data-element_type=\"widget\" data-e-type=\"widget\" data-widget_type=\"text-editor.default\">\n\t\t\t\t<div class=\"elementor-widget-container\">\n\t\t\t\t\t\t\t\t\t<p>B\u00f6rja studentlivet med oss p\u00e5 SBS! Vi erbjuder studentl\u00e4genheter p\u00e5 16 orter runtom i Sverige. V\u00e5r nationella bostadsk\u00f6 \u00e4r helt gratis och g\u00f6r det m\u00f6jligt f\u00f6r dig att st\u00e5 i k\u00f6 till flera orter samtidigt.<\/p><p>\u00a0<\/p><p>I Karlskrona har vi l\u00e4genheter precis intill campus p\u00e5 Minervav\u00e4gen och \u00e4ven p\u00e5 Koloniv\u00e4gen som ligger cirka 10 minuter bort med buss.<\/p><p>H\u00e4r kan du l\u00e4sa mer om v\u00e5ra omr\u00e5den i Karlskrona: <a href=\"https:\/\/sbsstudent.se\/vara-stader\/karlskrona\/\"><strong>SBS Karlskrona<\/strong><\/a><\/p><p>\u00a0<\/p><p>Har du b\u00f6rjat plugga och letar efter en studentl\u00e4genhet? F\u00f6lj dessa enkla steg f\u00f6r att s\u00f6ka din l\u00e4genhet hos oss.<\/p><p>\u00a0<\/p><ol><li>St\u00e4ll dig i v\u00e5r kostnadsfria bostadsk\u00f6 genom att klicka p\u00e5 l\u00e4nken nedan: <a href=\"https:\/\/studentbostad.sbsstudent.se\/user-registration\"><strong>studentbostad.sbsstudent.se\/user-registration<\/strong><\/a><\/li><li>N\u00e4r du har st\u00e4llt dig i k\u00f6n, kan du enkelt ans\u00f6ka om de l\u00e4genheter som intresserar dig.<\/li><\/ol><p>\u00a0<\/p><p>H\u00e4r hittar du v\u00e5ra lediga l\u00e4genheter i Karlskrona: <a href=\"https:\/\/studentbostad.sbsstudent.se\/properties?cities=Karlskrona\"><strong>studentbostad.sbsstudent.se<\/strong><\/a><\/p><p>\u00a0<\/p><p>Registrera dig i v\u00e5r bostadsk\u00f6 och s\u00f6k din studentl\u00e4genhet hos oss idag!<\/p><p>\u00a0<\/p><p>\u00a0<\/p><p>Har du n\u00e5gra fr\u00e5gor eller funderingar? Tveka inte att kontakta oss p\u00e5 <a href=\"mailto:info@sbsstudent.se\"><em>info@sbsstudent.se<\/em><\/a>. Vi ser fram emot att hj\u00e4lpa dig hitta din studentl\u00e4genhet!<\/p><p>\u00a0<\/p><p>Vill du l\u00e4sa mer om v\u00e5ra st\u00e4der kan du klicka <a href=\"https:\/\/sbsstudent.se\/vara-stader\/\"><strong>H\u00c4R<\/strong><strong>.<\/strong><\/a><\/p>\t\t\t\t\t\t\t\t<\/div>\n\t\t\t\t<\/div>\n\t\t\t\t<div class=\"elementor-element elementor-element-f27b547 elementor-widget elementor-widget-image\" data-id=\"f27b547\" data-element_type=\"widget\" data-e-type=\"widget\" data-widget_type=\"image.default\">\n\t\t\t\t<div class=\"elementor-widget-container\">\n\t\t\t\t\t\t\t\t\t\t\t\t\t\t\t<img fetchpriority=\"high\" decoding=\"async\" width=\"453\" height=\"278\" src=\"https:\/\/inseglet.bthstudent.se\/wp-content\/uploads\/sites\/15\/2024\/07\/asdasdas.jpg\" class=\"attachment-large size-large wp-image-848\" alt=\"\" srcset=\"https:\/\/inseglet.bthstudent.se\/wp-content\/uploads\/sites\/15\/2024\/07\/asdasdas.jpg 453w, https:\/\/inseglet.bthstudent.se\/wp-content\/uploads\/sites\/15\/2024\/07\/asdasdas-300x184.jpg 300w, https:\/\/inseglet.bthstudent.se\/wp-content\/uploads\/sites\/15\/2024\/07\/asdasdas-18x12.jpg 18w\" sizes=\"(max-width: 453px) 100vw, 453px\" \/>\t\t\t\t\t\t\t\t\t\t\t\t\t\t\t<\/div>\n\t\t\t\t<\/div>\n\t\t\t\t<div class=\"elementor-element elementor-element-84f18fc elementor-widget elementor-widget-text-editor\" data-id=\"84f18fc\" data-element_type=\"widget\" data-e-type=\"widget\" data-widget_type=\"text-editor.default\">\n\t\t\t\t<div class=\"elementor-widget-container\">\n\t\t\t\t\t\t\t\t\t<p><strong>Studentbost\u00e4der i Norden\u00a0AB (publ)<\/strong><br \/>Kungsgatan 47 a, 753 21 Uppsala<\/p><p>Mail: info@sbsstudent.se<br \/><a href=\"http:\/\/www.sbsstudent.se\">www.sbsstudent.se<\/a><\/p><p>\u00a0<\/p>\t\t\t\t\t\t\t\t<\/div>\n\t\t\t\t<\/div>\n\t\t\t\t\t<\/div>\n\t\t<\/div>\n\t\t\t\t\t<\/div>\n\t\t<\/section>\n\t\t\t\t<\/div>","protected":false},"excerpt":{"rendered":"<p>Studentbost\u00e4der i Norden AB B\u00f6rja studentlivet med oss p\u00e5 SBS! Vi erbjuder studentl\u00e4genheter p\u00e5 16 orter runtom i Sverige. V\u00e5r nationella bostadsk\u00f6 \u00e4r helt gratis och g\u00f6r det m\u00f6jligt f\u00f6r dig att st\u00e5 i k\u00f6 till flera orter samtidigt. \u00a0 I Karlskrona har vi l\u00e4genheter precis intill campus p\u00e5 Minervav\u00e4gen och \u00e4ven p\u00e5 Koloniv\u00e4gen som&hellip;&nbsp;<a href=\"https:\/\/inseglet.bthstudent.se\/en\/sponsor-1\/\" rel=\"bookmark\">Read More &raquo;<span class=\"screen-reader-text\">Studentbost\u00e4der i Norden AB<\/span><\/a><\/p>","protected":false},"author":78,"featured_media":0,"parent":0,"menu_order":0,"comment_status":"closed","ping_status":"closed","template":"page-templates\/template-pagebuilder-full-width.php","meta":{"neve_meta_sidebar":"","neve_meta_container":"","neve_meta_enable_content_width":"","neve_meta_content_width":0,"neve_meta_title_alignment":"","neve_meta_author_avatar":"","neve_post_elements_order":"","neve_meta_disable_header":"","neve_meta_disable_footer":"","neve_meta_disable_title":"","footnotes":""},"class_list":["post-813","page","type-page","status-publish","hentry"],"_links":{"self":[{"href":"https:\/\/inseglet.bthstudent.se\/en\/wp-json\/wp\/v2\/pages\/813","targetHints":{"allow":["GET"]}}],"collection":[{"href":"https:\/\/inseglet.bthstudent.se\/en\/wp-json\/wp\/v2\/pages"}],"about":[{"href":"https:\/\/inseglet.bthstudent.se\/en\/wp-json\/wp\/v2\/types\/page"}],"author":[{"embeddable":true,"href":"https:\/\/inseglet.bthstudent.se\/en\/wp-json\/wp\/v2\/users\/78"}],"replies":[{"embeddable":true,"href":"https:\/\/inseglet.bthstudent.se\/en\/wp-json\/wp\/v2\/comments?post=813"}],"version-history":[{"count":12,"href":"https:\/\/inseglet.bthstudent.se\/en\/wp-json\/wp\/v2\/pages\/813\/revisions"}],"predecessor-version":[{"id":1033,"href":"https:\/\/inseglet.bthstudent.se\/en\/wp-json\/wp\/v2\/pages\/813\/revisions\/1033"}],"wp:attachment":[{"href":"https:\/\/inseglet.bthstudent.se\/en\/wp-json\/wp\/v2\/media?parent=813"}],"curies":[{"name":"wp","href":"https:\/\/api.w.org\/{rel}","templated":true}]}}