{"id":340,"date":"2020-08-25T19:39:37","date_gmt":"2020-08-25T19:39:37","guid":{"rendered":"https:\/\/inseglet.bthstudent.se\/?page_id=340"},"modified":"2025-08-18T14:13:24","modified_gmt":"2025-08-18T14:13:24","slug":"uppdrag","status":"publish","type":"page","link":"https:\/\/inseglet.bthstudent.se\/en\/uppdrag\/","title":{"rendered":"Uppdrag"},"content":{"rendered":"<div data-elementor-type=\"wp-page\" data-elementor-id=\"340\" class=\"elementor elementor-340\">\n\t\t\t\t\t\t<section class=\"elementor-section elementor-top-section elementor-element elementor-element-c238ae0 elementor-section-boxed elementor-section-height-default elementor-section-height-default\" data-id=\"c238ae0\" data-element_type=\"section\" data-e-type=\"section\">\n\t\t\t\t\t\t<div class=\"elementor-container elementor-column-gap-default\">\n\t\t\t\t\t<div class=\"elementor-column elementor-col-100 elementor-top-column elementor-element elementor-element-6e95a12\" data-id=\"6e95a12\" data-element_type=\"column\" data-e-type=\"column\">\n\t\t\t<div class=\"elementor-widget-wrap elementor-element-populated\">\n\t\t\t\t\t\t<div class=\"elementor-element elementor-element-a914372 elementor-widget elementor-widget-heading\" data-id=\"a914372\" data-element_type=\"widget\" data-e-type=\"widget\" data-widget_type=\"heading.default\">\n\t\t\t\t<div class=\"elementor-widget-container\">\n\t\t\t\t\t<h1 class=\"elementor-heading-title elementor-size-default\">UPPDRAG 2025<\/h1>\t\t\t\t<\/div>\n\t\t\t\t<\/div>\n\t\t\t\t\t<\/div>\n\t\t<\/div>\n\t\t\t\t\t<\/div>\n\t\t<\/section>\n\t\t\t\t<section class=\"elementor-section elementor-top-section elementor-element elementor-element-6e182dc elementor-section-boxed elementor-section-height-default elementor-section-height-default\" data-id=\"6e182dc\" data-element_type=\"section\" data-e-type=\"section\">\n\t\t\t\t\t\t<div class=\"elementor-container elementor-column-gap-default\">\n\t\t\t\t\t<div class=\"elementor-column elementor-col-100 elementor-top-column elementor-element elementor-element-412add2\" data-id=\"412add2\" data-element_type=\"column\" data-e-type=\"column\">\n\t\t\t<div class=\"elementor-widget-wrap elementor-element-populated\">\n\t\t\t\t\t\t<section class=\"elementor-section elementor-inner-section elementor-element elementor-element-ec8c62a elementor-section-boxed elementor-section-height-default elementor-section-height-default\" data-id=\"ec8c62a\" data-element_type=\"section\" data-e-type=\"section\">\n\t\t\t\t\t\t<div class=\"elementor-container elementor-column-gap-default\">\n\t\t\t\t\t<div class=\"elementor-column elementor-col-50 elementor-inner-column elementor-element elementor-element-1aade57\" data-id=\"1aade57\" data-element_type=\"column\" data-e-type=\"column\">\n\t\t\t<div class=\"elementor-widget-wrap elementor-element-populated\">\n\t\t\t\t\t\t<div class=\"elementor-element elementor-element-47201be elementor-widget elementor-widget-heading\" data-id=\"47201be\" data-element_type=\"widget\" data-e-type=\"widget\" data-widget_type=\"heading.default\">\n\t\t\t\t<div class=\"elementor-widget-container\">\n\t\t\t\t\t<h2 class=\"elementor-heading-title elementor-size-default\">Generella uppdrag f\u00f6r veckan<\/h2>\t\t\t\t<\/div>\n\t\t\t\t<\/div>\n\t\t\t\t<div class=\"elementor-element elementor-element-5d27520 elementor-widget elementor-widget-text-editor\" data-id=\"5d27520\" data-element_type=\"widget\" data-e-type=\"widget\" data-widget_type=\"text-editor.default\">\n\t\t\t\t<div class=\"elementor-widget-container\">\n\t\t\t\t\t\t\t\t\t<ul>\n<li><strong>Pizzabagarens \u00e5terkomst (40 po\u00e4ng)<\/strong><\/li>\n<\/ul>\n<p data-start=\"254\" data-end=\"474\">Vanliga pizzabes\u00f6k \u00e4r f\u00f6r amat\u00f6rer. Att bara best\u00e4lla en Vesuvio och g\u00e5 hem \u00e4r lika sp\u00e4nnande som att se f\u00e4rg torka p\u00e5 en v\u00e4gg i november. Karlskrona f\u00f6rtj\u00e4nar mer. Mycket mer. D\u00e4rf\u00f6r \u00e4r er uppgift att ta steget bortom pizzadisken och in i det heliga riket bakom den \u2013 sj\u00e4lva k\u00f6ket. M\u00e5let: charma en pizzeriabagare s\u00e5 att ni f\u00e5r baka en egen pizza.&nbsp;<\/p>\n<ul>\n<li><strong>StickNation (40 po\u00e4ng)<\/strong><\/li>\n<\/ul>\n<p>Det finns pinnar. Och s\u00e5 finns det&nbsp; <em data-start=\"280\" data-end=\"288\">pinnen<\/em>. Den d\u00e4r som f\u00e5r solljuset att brytas p\u00e5 ett alldeles magiskt s\u00e4tt, som ligger p\u00e5 marken som om moder natur sj\u00e4lv placerat den d\u00e4r. Ert uppdrag \u00e4r enkelt: hitta den ultimata pinnen. Den ska vara s\u00e5 vacker att t\u00e5rar b\u00f6rjar rinna nerf\u00f6r kinderna. N\u00e4r ni funnit denna ska ni spela in en video i StickNation &#8211; anda. Pluspo\u00e4ng om videon hamnar p\u00e5 StickNation.<\/p>\n<div>&nbsp;<\/div>\n<ul>\n<li><strong>Fula sj\u00f6jungfrun (50 po\u00e4ng)<\/strong><\/li>\n<\/ul>\n<p>Visste ni att det endast finns en fin sj\u00f6jungfru i Karlskrona vid namn Taskmaster Arij\u00e9l. \u00d6vriga sj\u00f6jungfrur k\u00e4nnetecknas av sitt sliska gr\u00f6na h\u00e5r som luktar pyton. Ni ska imitera dessa genom att g\u00f6ra en peruk av t\u00e5ng som ni d\u00e5 sedan skall b\u00e4ra medan ni l\u00e5tsas vara sj\u00f6jungfrur.<\/p>\n<ul>\n<li><strong>G\u00f6r en sliskig dikt p\u00e5 dalm\u00e5l till din sexm\u00e4sterist (666 po\u00e4ng)<\/strong><\/li>\n<li><strong>Bygg en v\u00e4rdig fotpall \u00e5t er Sexm\u00e4sterist (666 po\u00e4ng)<\/strong><\/li>\n<li><strong>Skapa en pervers fanfiction om er Sexm\u00e4sterist (666 po\u00e4ng)<\/strong><\/li>\n<li>Bada (5 po\u00e4ng per medlem 10 po\u00e4ng per phadder)<\/li>\n<li>F\u00e5 en bild med er Sexm\u00e4sterist (po\u00e4ng beror p\u00e5 uppl\u00f6sning)<\/li>\n<li>Dansa soldansen (10 po\u00e4ng)<\/li>\n<\/ul>\t\t\t\t\t\t\t\t<\/div>\n\t\t\t\t<\/div>\n\t\t\t\t\t<\/div>\n\t\t<\/div>\n\t\t\t\t<div class=\"elementor-column elementor-col-50 elementor-inner-column elementor-element elementor-element-0703771\" data-id=\"0703771\" data-element_type=\"column\" data-e-type=\"column\">\n\t\t\t<div class=\"elementor-widget-wrap elementor-element-populated\">\n\t\t\t\t\t\t<div class=\"elementor-element elementor-element-c548a09 elementor-widget elementor-widget-heading\" data-id=\"c548a09\" data-element_type=\"widget\" data-e-type=\"widget\" data-widget_type=\"heading.default\">\n\t\t\t\t<div class=\"elementor-widget-container\">\n\t\t\t\t\t<h2 class=\"elementor-heading-title elementor-size-default\">Uppdrag till l\u00f6rdagens uppdragsredovisning<\/h2>\t\t\t\t<\/div>\n\t\t\t\t<\/div>\n\t\t\t\t<div class=\"elementor-element elementor-element-e2cfa58 elementor-widget elementor-widget-text-editor\" data-id=\"e2cfa58\" data-element_type=\"widget\" data-e-type=\"widget\" data-widget_type=\"text-editor.default\">\n\t\t\t\t<div class=\"elementor-widget-container\">\n\t\t\t\t\t\t\t\t\t<h3 style=\"text-align: center\">F\u00f6r Sexistenz<\/h3><ul><li>Dansa till er lagl\u00e5t<\/li><li>\u00a0Visa upp er fotpall till er Sexm\u00e4sterist<\/li><\/ul>\t\t\t\t\t\t\t\t<\/div>\n\t\t\t\t<\/div>\n\t\t\t\t<div class=\"elementor-element elementor-element-07e82df elementor-widget elementor-widget-heading\" data-id=\"07e82df\" data-element_type=\"widget\" data-e-type=\"widget\" data-widget_type=\"heading.default\">\n\t\t\t\t<div class=\"elementor-widget-container\">\n\t\t\t\t\t<h2 class=\"elementor-heading-title elementor-size-default\">F\u00f6r specifika poster i sexistenz<\/h2>\t\t\t\t<\/div>\n\t\t\t\t<\/div>\n\t\t\t\t<div class=\"elementor-element elementor-element-90d6daf e-transform e-transform elementor-widget elementor-widget-text-editor\" data-id=\"90d6daf\" data-element_type=\"widget\" data-e-type=\"widget\" data-settings=\"{&quot;_transform_rotateZ_effect&quot;:{&quot;unit&quot;:&quot;px&quot;,&quot;size&quot;:&quot;0&quot;,&quot;sizes&quot;:[]},&quot;_transform_flipX_effect&quot;:&quot;transform&quot;,&quot;_transform_rotateZ_effect_tablet&quot;:{&quot;unit&quot;:&quot;deg&quot;,&quot;size&quot;:&quot;&quot;,&quot;sizes&quot;:[]},&quot;_transform_rotateZ_effect_mobile&quot;:{&quot;unit&quot;:&quot;deg&quot;,&quot;size&quot;:&quot;&quot;,&quot;sizes&quot;:[]}}\" data-widget_type=\"text-editor.default\">\n\t\t\t\t<div class=\"elementor-widget-container\">\n\t\t\t\t\t\t\t\t\t<p>Visa Ub\u00e5tsamiralen h<span class=\"TextRun SCXW60101130 BCX8\" lang=\"SV-SE\" xml:lang=\"SV-SE\" data-contrast=\"auto\"><span class=\"NormalTextRun SCXW60101130 BCX8\">ur<\/span> <span class=\"NormalTextRun SCXW60101130 BCX8\">man <\/span><span class=\"NormalTextRun SCXW60101130 BCX8\">b<\/span><span class=\"NormalTextRun SCXW60101130 BCX8\">l\u00f6<\/span><span class=\"NormalTextRun SCXW60101130 BCX8\">der<\/span><\/span><span class=\"EOP SCXW60101130 BCX8\" data-ccp-props=\"{}\">\u00a0<\/span><\/p><p>Visa Showm\u00e4staren v<span class=\"TextRun SCXW242930552 BCX8\" lang=\"SV-SE\" xml:lang=\"SV-SE\" data-contrast=\"auto\"><span class=\"NormalTextRun SCXW242930552 BCX8\">ad en bl\u00f6t fis i rymden inneb\u00e4r<\/span><\/span><span class=\"EOP SCXW242930552 BCX8\" data-ccp-props=\"{}\">\u00a0<\/span><\/p><p>Visa Bl\u00e4ckm\u00e4staren <span class=\"TextRun SCXW254122690 BCX8\" lang=\"SV-SE\" xml:lang=\"SV-SE\" data-contrast=\"auto\"><span class=\"NormalTextRun SCXW254122690 BCX8\">hur man \u00e4r j\u00e4ttearg<\/span><\/span><span class=\"EOP SCXW254122690 BCX8\" data-ccp-props=\"{}\">\u00a0<\/span><\/p><p>Visa \u00d6versl\u00f6saren <span class=\"TextRun SCXW102098156 BCX8\" lang=\"SV-SE\" xml:lang=\"SV-SE\" data-contrast=\"auto\"><span class=\"NormalTextRun SCXW102098156 BCX8\">hur man \u201cGet <\/span><span class=\"NormalTextRun SpellingErrorV2Themed SCXW102098156 BCX8\">up<\/span> <span class=\"NormalTextRun SpellingErrorV2Themed SCXW102098156 BCX8\">o<\/span><span class=\"NormalTextRun SpellingErrorV2Themed SCXW102098156 BCX8\">ffa<\/span> <span class=\"NormalTextRun SpellingErrorV2Themed SCXW102098156 BCX8\">that<\/span> <span class=\"NormalTextRun SpellingErrorV2Themed SCXW102098156 BCX8\">thing<\/span><span class=\"NormalTextRun SCXW102098156 BCX8\">\u201d<\/span><\/span><span class=\"EOP SCXW102098156 BCX8\" data-ccp-props=\"{}\">\u00a0<\/span><\/p><p>Visa Vice-Sexm\u00e4staren <span class=\"TextRun SCXW267693500 BCX8\" lang=\"SV-SE\" xml:lang=\"SV-SE\" data-contrast=\"auto\"><span class=\"NormalTextRun SCXW267693500 BCX8\">vad en <\/span><span class=\"NormalTextRun SpellingErrorV2Themed SpellingErrorHighlight SCXW267693500 BCX8\">fotfetish<\/span><span class=\"NormalTextRun SCXW267693500 BCX8\"> \u00e4r<\/span><\/span><\/p><p>Visa Sexm\u00e4staren <span class=\"TextRun SCXW44458742 BCX8\" lang=\"SV-SE\" xml:lang=\"SV-SE\" data-contrast=\"auto\"><span class=\"NormalTextRun SCXW44458742 BCX8\">hur man strippar i ett vardagsrum<\/span><\/span><span class=\"EOP SCXW44458742 BCX8\" data-ccp-props=\"{}\">\u00a0<\/span><\/p><p>Visa Wachtmeizter h<span class=\"TextRun SCXW168044150 BCX8\" lang=\"SV-SE\" xml:lang=\"SV-SE\" data-contrast=\"auto\"><span class=\"NormalTextRun SCXW168044150 BCX8\">ur man <\/span><span class=\"NormalTextRun SCXW168044150 BCX8\">slukar<\/span> <span class=\"NormalTextRun SCXW168044150 BCX8\">v<\/span><span class=\"NormalTextRun SCXW168044150 BCX8\">\u00e5<\/span><span class=\"NormalTextRun SCXW168044150 BCX8\">fflor<\/span><\/span><span class=\"EOP SCXW168044150 BCX8\" data-ccp-props=\"{}\">\u00a0<\/span><\/p><p>Visa Propheten h<span class=\"TextRun SCXW111972529 BCX8\" lang=\"SV-SE\" xml:lang=\"SV-SE\" data-contrast=\"auto\"><span class=\"NormalTextRun SCXW111972529 BCX8\">ur man <\/span><span class=\"NormalTextRun SCXW111972529 BCX8\">blir <\/span><span class=\"NormalTextRun SCXW111972529 BCX8\">kladdig<\/span><\/span><span class=\"EOP SCXW111972529 BCX8\" data-ccp-props=\"{}\">\u00a0<\/span><\/p><p>Visa Ambassad\u00f6ren <span class=\"TextRun SCXW15972627 BCX8\" lang=\"SV-SE\" xml:lang=\"SV-SE\" data-contrast=\"auto\"><span class=\"NormalTextRun SCXW15972627 BCX8\">hur man <\/span><span class=\"NormalTextRun SCXW15972627 BCX8\">\u00e4r en <\/span><span class=\"NormalTextRun SpellingErrorV2Themed SCXW15972627 BCX8\">Femboy<\/span><\/span><span class=\"EOP SCXW15972627 BCX8\" data-ccp-props=\"{}\">\u00a0<\/span><\/p><p>Visa H\u00e4xm\u00e4staren h<span class=\"TextRun SCXW9120695 BCX8\" lang=\"SV-SE\" xml:lang=\"SV-SE\" data-contrast=\"auto\"><span class=\"NormalTextRun SCXW9120695 BCX8\">ur man <\/span><span class=\"NormalTextRun SpellingErrorV2Themed SpellingErrorHighlight SCXW9120695 BCX8\">edgear<\/span><span class=\"NormalTextRun SCXW9120695 BCX8\"> eufori<\/span><\/span><span class=\"EOP SCXW9120695 BCX8\" data-ccp-props=\"{}\">\u00a0<\/span><\/p><p>Visa Sittningsm\u00e4staren <span class=\"TextRun SCXW180659364 BCX8\" lang=\"SV-SE\" xml:lang=\"SV-SE\" data-contrast=\"auto\"><span class=\"NormalTextRun SCXW180659364 BCX8\">hur man \u00e4r en riktig <\/span><span class=\"NormalTextRun SpellingErrorV2Themed SCXW180659364 BCX8\">showgirl<\/span><\/span><span class=\"EOP SCXW180659364 BCX8\" data-ccp-props=\"{}\">\u00a0<\/span><\/p><p>Visa Taskmastern <span class=\"TextRun SCXW103900137 BCX8\" lang=\"SV-SE\" xml:lang=\"SV-SE\" data-contrast=\"auto\"><span class=\"NormalTextRun SCXW103900137 BCX8\">ur man dunkar pl\u00e5t<\/span><\/span><\/p>\t\t\t\t\t\t\t\t<\/div>\n\t\t\t\t<\/div>\n\t\t\t\t\t<\/div>\n\t\t<\/div>\n\t\t\t\t\t<\/div>\n\t\t<\/section>\n\t\t\t\t\t<\/div>\n\t\t<\/div>\n\t\t\t\t\t<\/div>\n\t\t<\/section>\n\t\t\t\t<\/div>","protected":false},"excerpt":{"rendered":"<p>UPPDRAG 2025 Generella uppdrag f\u00f6r veckan Pizzabagarens \u00e5terkomst (40 po\u00e4ng) Vanliga pizzabes\u00f6k \u00e4r f\u00f6r amat\u00f6rer. Att bara best\u00e4lla en Vesuvio och g\u00e5 hem \u00e4r lika sp\u00e4nnande som att se f\u00e4rg torka p\u00e5 en v\u00e4gg i november. Karlskrona f\u00f6rtj\u00e4nar mer. Mycket mer. D\u00e4rf\u00f6r \u00e4r er uppgift att ta steget bortom pizzadisken och in i det heliga&hellip;&nbsp;<a href=\"https:\/\/inseglet.bthstudent.se\/en\/uppdrag\/\" rel=\"bookmark\">Read More &raquo;<span class=\"screen-reader-text\">Uppdrag<\/span><\/a><\/p>","protected":false},"author":3,"featured_media":0,"parent":0,"menu_order":0,"comment_status":"closed","ping_status":"closed","template":"page-templates\/template-pagebuilder-full-width.php","meta":{"neve_meta_sidebar":"full-width","neve_meta_container":"","neve_meta_enable_content_width":"on","neve_meta_content_width":100,"neve_meta_title_alignment":"","neve_meta_author_avatar":"","neve_post_elements_order":"","neve_meta_disable_header":"","neve_meta_disable_footer":"","neve_meta_disable_title":"","footnotes":""},"class_list":["post-340","page","type-page","status-publish","hentry"],"_links":{"self":[{"href":"https:\/\/inseglet.bthstudent.se\/en\/wp-json\/wp\/v2\/pages\/340","targetHints":{"allow":["GET"]}}],"collection":[{"href":"https:\/\/inseglet.bthstudent.se\/en\/wp-json\/wp\/v2\/pages"}],"about":[{"href":"https:\/\/inseglet.bthstudent.se\/en\/wp-json\/wp\/v2\/types\/page"}],"author":[{"embeddable":true,"href":"https:\/\/inseglet.bthstudent.se\/en\/wp-json\/wp\/v2\/users\/3"}],"replies":[{"embeddable":true,"href":"https:\/\/inseglet.bthstudent.se\/en\/wp-json\/wp\/v2\/comments?post=340"}],"version-history":[{"count":114,"href":"https:\/\/inseglet.bthstudent.se\/en\/wp-json\/wp\/v2\/pages\/340\/revisions"}],"predecessor-version":[{"id":1070,"href":"https:\/\/inseglet.bthstudent.se\/en\/wp-json\/wp\/v2\/pages\/340\/revisions\/1070"}],"wp:attachment":[{"href":"https:\/\/inseglet.bthstudent.se\/en\/wp-json\/wp\/v2\/media?parent=340"}],"curies":[{"name":"wp","href":"https:\/\/api.w.org\/{rel}","templated":true}]}}